{"id":1359,"date":"2026-04-29T01:00:11","date_gmt":"2026-04-29T05:00:11","guid":{"rendered":"https:\/\/rotel.ca\/reservation-notice\/"},"modified":"2026-04-29T02:07:40","modified_gmt":"2026-04-29T06:07:40","slug":"avis-de-reservation","status":"publish","type":"page","link":"https:\/\/rotel.ca\/fr\/avis-de-reservation\/","title":{"rendered":"Avis de r\u00e9servation"},"content":{"rendered":"\t\t<div data-elementor-type=\"wp-page\" data-elementor-id=\"1359\" class=\"elementor elementor-1359 elementor-1333\" data-elementor-post-type=\"page\">\n\t\t\t\t<div class=\"elementor-element elementor-element-3282124f e-flex e-con-boxed e-con e-parent\" data-id=\"3282124f\" data-element_type=\"container\" data-e-type=\"container\">\n\t\t\t\t\t<div class=\"e-con-inner\">\n\t\t\t\t<div class=\"elementor-element elementor-element-6a21cb5 elementor-widget elementor-widget-spacer\" data-id=\"6a21cb5\" data-element_type=\"widget\" data-e-type=\"widget\" data-widget_type=\"spacer.default\">\n\t\t\t\t\t\t\t<div class=\"elementor-spacer\">\n\t\t\t<div class=\"elementor-spacer-inner\"><\/div>\n\t\t<\/div>\n\t\t\t\t\t\t<\/div>\n\t\t\t\t<div class=\"elementor-element elementor-element-53f644b elementor-widget elementor-widget-image\" data-id=\"53f644b\" data-element_type=\"widget\" data-e-type=\"widget\" data-widget_type=\"image.default\">\n\t\t\t\t\t\t\t\t\t\t\t\t\t\t\t<img decoding=\"async\" width=\"400\" height=\"123\" src=\"https:\/\/rotel.ca\/wp-content\/uploads\/2026\/02\/ROTEL-Logo-Tag-400.jpg\" class=\"attachment-large size-large wp-image-1360\" alt=\"\" srcset=\"https:\/\/rotel.ca\/wp-content\/uploads\/2026\/02\/ROTEL-Logo-Tag-400.jpg 400w, https:\/\/rotel.ca\/wp-content\/uploads\/2026\/02\/ROTEL-Logo-Tag-400-300x92.jpg 300w\" sizes=\"(max-width: 400px) 100vw, 400px\" \/>\t\t\t\t\t\t\t\t\t\t\t\t\t\t\t<\/div>\n\t\t\t\t<div class=\"elementor-element elementor-element-bdb5128 elementor-widget elementor-widget-heading\" data-id=\"bdb5128\" data-element_type=\"widget\" data-e-type=\"widget\" data-widget_type=\"heading.default\">\n\t\t\t\t\t<h2 class=\"elementor-heading-title elementor-size-default\">Avis de r\u00e9servation<\/h2>\t\t\t\t<\/div>\n\t\t\t\t<div class=\"elementor-element elementor-element-ffe842e elementor-widget elementor-widget-spacer\" data-id=\"ffe842e\" data-element_type=\"widget\" data-e-type=\"widget\" data-widget_type=\"spacer.default\">\n\t\t\t\t\t\t\t<div class=\"elementor-spacer\">\n\t\t\t<div class=\"elementor-spacer-inner\"><\/div>\n\t\t<\/div>\n\t\t\t\t\t\t<\/div>\n\t\t\t\t<div class=\"elementor-element elementor-element-3ac2d8d5 elementor-widget elementor-widget-text-editor\" data-id=\"3ac2d8d5\" data-element_type=\"widget\" data-e-type=\"widget\" data-widget_type=\"text-editor.default\">\n\t\t\t\t\t\t\t\t\t<p><strong>D\u00e9sol\u00e9, nous ne pouvons pas prendre votre r\u00e9servation pour le moment.<\/strong><\/p><p>Nous avons h\u00e2te de vous accueillir, mais nous sommes en train de migrer vers un nouveau logiciel de r\u00e9servation. Il sera op\u00e9rationnel le 1er mai 2026. Veuillez revenir sur notre site Web vendredi pour effectuer votre r\u00e9servation en ligne.<\/p><p>Merci !<\/p>\t\t\t\t\t\t\t\t<\/div>\n\t\t\t\t<div class=\"elementor-element elementor-element-ba77cae elementor-widget elementor-widget-button\" data-id=\"ba77cae\" data-element_type=\"widget\" data-e-type=\"widget\" data-widget_type=\"button.default\">\n\t\t\t\t\t\t\t\t\t\t<a class=\"elementor-button elementor-button-link elementor-size-sm\" href=\"https:\/\/rotel.ca\/fr\/\">\n\t\t\t\t\t\t<span class=\"elementor-button-content-wrapper\">\n\t\t\t\t\t\t\t\t\t<span class=\"elementor-button-text\">Retour \u00e0 la page d'accueil<\/span>\n\t\t\t\t\t<\/span>\n\t\t\t\t\t<\/a>\n\t\t\t\t\t\t\t\t<\/div>\n\t\t\t\t\t<\/div>\n\t\t\t\t<\/div>\n\t\t\t\t<\/div>\n\t\t","protected":false},"excerpt":{"rendered":"<p>Avis de r\u00e9servation D\u00e9sol\u00e9, nous ne pouvons pas prendre votre r\u00e9servation pour le moment. Nous avons h\u00e2te de vous accueillir, mais nous sommes en train de migrer vers un nouveau logiciel de r\u00e9servation. Il sera op\u00e9rationnel le 1er mai 2026. Veuillez revenir sur notre site Web vendredi pour effectuer votre r\u00e9servation en ligne. Merci ! [&hellip;]<\/p>\n","protected":false},"author":1,"featured_media":0,"parent":0,"menu_order":0,"comment_status":"closed","ping_status":"closed","template":"redux-templates_canvas","meta":{"footnotes":""},"class_list":["post-1359","page","type-page","status-publish","hentry"],"yoast_head":"<!-- This site is optimized with the Yoast SEO plugin v27.3 - https:\/\/yoast.com\/product\/yoast-seo-wordpress\/ -->\n<title>Avis de r\u00e9servation - Rotel Motel<\/title>\n<meta name=\"robots\" content=\"index, follow, max-snippet:-1, max-image-preview:large, max-video-preview:-1\" \/>\n<link rel=\"canonical\" href=\"https:\/\/rotel.ca\/fr\/avis-de-reservation\/\" \/>\n<meta property=\"og:locale\" content=\"fr_FR\" \/>\n<meta property=\"og:type\" content=\"article\" \/>\n<meta property=\"og:title\" content=\"Avis de r\u00e9servation - Rotel Motel\" \/>\n<meta property=\"og:description\" content=\"Avis de r\u00e9servation D\u00e9sol\u00e9, nous ne pouvons pas prendre votre r\u00e9servation pour le moment. Nous avons h\u00e2te de vous accueillir, mais nous sommes en train de migrer vers un nouveau logiciel de r\u00e9servation. Il sera op\u00e9rationnel le 1er mai 2026. Veuillez revenir sur notre site Web vendredi pour effectuer votre r\u00e9servation en ligne. Merci ! [&hellip;]\" \/>\n<meta property=\"og:url\" content=\"https:\/\/rotel.ca\/fr\/avis-de-reservation\/\" \/>\n<meta property=\"og:site_name\" content=\"Rotel Motel\" \/>\n<meta property=\"article:modified_time\" content=\"2026-04-29T06:07:40+00:00\" \/>\n<meta property=\"og:image\" content=\"https:\/\/rotel.ca\/wp-content\/uploads\/2026\/02\/ROTEL-Logo-Tag-400.jpg\" \/>\n\t<meta property=\"og:image:width\" content=\"400\" \/>\n\t<meta property=\"og:image:height\" content=\"123\" \/>\n\t<meta property=\"og:image:type\" content=\"image\/jpeg\" \/>\n<meta name=\"twitter:card\" content=\"summary_large_image\" \/>\n<meta name=\"twitter:label1\" content=\"Dur\u00e9e de lecture estim\u00e9e\" \/>\n\t<meta name=\"twitter:data1\" content=\"1 minute\" \/>\n<script type=\"application\/ld+json\" class=\"yoast-schema-graph\">{\"@context\":\"https:\\\/\\\/schema.org\",\"@graph\":[{\"@type\":\"WebPage\",\"@id\":\"https:\\\/\\\/rotel.ca\\\/fr\\\/avis-de-reservation\\\/\",\"url\":\"https:\\\/\\\/rotel.ca\\\/fr\\\/avis-de-reservation\\\/\",\"name\":\"Avis de r\u00e9servation - Rotel Motel\",\"isPartOf\":{\"@id\":\"https:\\\/\\\/rotel.ca\\\/#website\"},\"primaryImageOfPage\":{\"@id\":\"https:\\\/\\\/rotel.ca\\\/fr\\\/avis-de-reservation\\\/#primaryimage\"},\"image\":{\"@id\":\"https:\\\/\\\/rotel.ca\\\/fr\\\/avis-de-reservation\\\/#primaryimage\"},\"thumbnailUrl\":\"https:\\\/\\\/rotel.ca\\\/wp-content\\\/uploads\\\/2026\\\/02\\\/ROTEL-Logo-Tag-400.jpg\",\"datePublished\":\"2026-04-29T05:00:11+00:00\",\"dateModified\":\"2026-04-29T06:07:40+00:00\",\"breadcrumb\":{\"@id\":\"https:\\\/\\\/rotel.ca\\\/fr\\\/avis-de-reservation\\\/#breadcrumb\"},\"inLanguage\":\"fr-FR\",\"potentialAction\":[{\"@type\":\"ReadAction\",\"target\":[\"https:\\\/\\\/rotel.ca\\\/fr\\\/avis-de-reservation\\\/\"]}]},{\"@type\":\"ImageObject\",\"inLanguage\":\"fr-FR\",\"@id\":\"https:\\\/\\\/rotel.ca\\\/fr\\\/avis-de-reservation\\\/#primaryimage\",\"url\":\"https:\\\/\\\/rotel.ca\\\/wp-content\\\/uploads\\\/2026\\\/02\\\/ROTEL-Logo-Tag-400.jpg\",\"contentUrl\":\"https:\\\/\\\/rotel.ca\\\/wp-content\\\/uploads\\\/2026\\\/02\\\/ROTEL-Logo-Tag-400.jpg\"},{\"@type\":\"BreadcrumbList\",\"@id\":\"https:\\\/\\\/rotel.ca\\\/fr\\\/avis-de-reservation\\\/#breadcrumb\",\"itemListElement\":[{\"@type\":\"ListItem\",\"position\":1,\"name\":\"Home\",\"item\":\"https:\\\/\\\/rotel.ca\\\/fr\\\/\"},{\"@type\":\"ListItem\",\"position\":2,\"name\":\"Avis de r\u00e9servation\"}]},{\"@type\":\"WebSite\",\"@id\":\"https:\\\/\\\/rotel.ca\\\/#website\",\"url\":\"https:\\\/\\\/rotel.ca\\\/\",\"name\":\"Rotel Motel run by the Rotel Foundation Inc.\",\"description\":\"Your home away from home for hospital visits.\",\"publisher\":{\"@id\":\"https:\\\/\\\/rotel.ca\\\/#organization\"},\"alternateName\":\"Rotel Motel\",\"potentialAction\":[{\"@type\":\"SearchAction\",\"target\":{\"@type\":\"EntryPoint\",\"urlTemplate\":\"https:\\\/\\\/rotel.ca\\\/?s={search_term_string}\"},\"query-input\":{\"@type\":\"PropertyValueSpecification\",\"valueRequired\":true,\"valueName\":\"search_term_string\"}}],\"inLanguage\":\"fr-FR\"},{\"@type\":\"Organization\",\"@id\":\"https:\\\/\\\/rotel.ca\\\/#organization\",\"name\":\"Rotel Foundation Inc.\",\"url\":\"https:\\\/\\\/rotel.ca\\\/\",\"logo\":{\"@type\":\"ImageObject\",\"inLanguage\":\"fr-FR\",\"@id\":\"https:\\\/\\\/rotel.ca\\\/#\\\/schema\\\/logo\\\/image\\\/\",\"url\":\"https:\\\/\\\/rotel.ca\\\/wp-content\\\/uploads\\\/2026\\\/02\\\/ROTEL-Logo-Tag-400.jpg\",\"contentUrl\":\"https:\\\/\\\/rotel.ca\\\/wp-content\\\/uploads\\\/2026\\\/02\\\/ROTEL-Logo-Tag-400.jpg\",\"width\":400,\"height\":123,\"caption\":\"Rotel Foundation Inc.\"},\"image\":{\"@id\":\"https:\\\/\\\/rotel.ca\\\/#\\\/schema\\\/logo\\\/image\\\/\"}}]}<\/script>\n<!-- \/ Yoast SEO plugin. -->","yoast_head_json":{"title":"Avis de r\u00e9servation - Rotel Motel","robots":{"index":"index","follow":"follow","max-snippet":"max-snippet:-1","max-image-preview":"max-image-preview:large","max-video-preview":"max-video-preview:-1"},"canonical":"https:\/\/rotel.ca\/fr\/avis-de-reservation\/","og_locale":"fr_FR","og_type":"article","og_title":"Avis de r\u00e9servation - Rotel Motel","og_description":"Avis de r\u00e9servation D\u00e9sol\u00e9, nous ne pouvons pas prendre votre r\u00e9servation pour le moment. Nous avons h\u00e2te de vous accueillir, mais nous sommes en train de migrer vers un nouveau logiciel de r\u00e9servation. Il sera op\u00e9rationnel le 1er mai 2026. Veuillez revenir sur notre site Web vendredi pour effectuer votre r\u00e9servation en ligne. Merci ! [&hellip;]","og_url":"https:\/\/rotel.ca\/fr\/avis-de-reservation\/","og_site_name":"Rotel Motel","article_modified_time":"2026-04-29T06:07:40+00:00","og_image":[{"width":400,"height":123,"url":"https:\/\/rotel.ca\/wp-content\/uploads\/2026\/02\/ROTEL-Logo-Tag-400.jpg","type":"image\/jpeg"}],"twitter_card":"summary_large_image","twitter_misc":{"Dur\u00e9e de lecture estim\u00e9e":"1 minute"},"schema":{"@context":"https:\/\/schema.org","@graph":[{"@type":"WebPage","@id":"https:\/\/rotel.ca\/fr\/avis-de-reservation\/","url":"https:\/\/rotel.ca\/fr\/avis-de-reservation\/","name":"Avis de r\u00e9servation - Rotel Motel","isPartOf":{"@id":"https:\/\/rotel.ca\/#website"},"primaryImageOfPage":{"@id":"https:\/\/rotel.ca\/fr\/avis-de-reservation\/#primaryimage"},"image":{"@id":"https:\/\/rotel.ca\/fr\/avis-de-reservation\/#primaryimage"},"thumbnailUrl":"https:\/\/rotel.ca\/wp-content\/uploads\/2026\/02\/ROTEL-Logo-Tag-400.jpg","datePublished":"2026-04-29T05:00:11+00:00","dateModified":"2026-04-29T06:07:40+00:00","breadcrumb":{"@id":"https:\/\/rotel.ca\/fr\/avis-de-reservation\/#breadcrumb"},"inLanguage":"fr-FR","potentialAction":[{"@type":"ReadAction","target":["https:\/\/rotel.ca\/fr\/avis-de-reservation\/"]}]},{"@type":"ImageObject","inLanguage":"fr-FR","@id":"https:\/\/rotel.ca\/fr\/avis-de-reservation\/#primaryimage","url":"https:\/\/rotel.ca\/wp-content\/uploads\/2026\/02\/ROTEL-Logo-Tag-400.jpg","contentUrl":"https:\/\/rotel.ca\/wp-content\/uploads\/2026\/02\/ROTEL-Logo-Tag-400.jpg"},{"@type":"BreadcrumbList","@id":"https:\/\/rotel.ca\/fr\/avis-de-reservation\/#breadcrumb","itemListElement":[{"@type":"ListItem","position":1,"name":"Home","item":"https:\/\/rotel.ca\/fr\/"},{"@type":"ListItem","position":2,"name":"Avis de r\u00e9servation"}]},{"@type":"WebSite","@id":"https:\/\/rotel.ca\/#website","url":"https:\/\/rotel.ca\/","name":"Rotel Motel run by the Rotel Foundation Inc.","description":"Your home away from home for hospital visits.","publisher":{"@id":"https:\/\/rotel.ca\/#organization"},"alternateName":"Rotel Motel","potentialAction":[{"@type":"SearchAction","target":{"@type":"EntryPoint","urlTemplate":"https:\/\/rotel.ca\/?s={search_term_string}"},"query-input":{"@type":"PropertyValueSpecification","valueRequired":true,"valueName":"search_term_string"}}],"inLanguage":"fr-FR"},{"@type":"Organization","@id":"https:\/\/rotel.ca\/#organization","name":"Rotel Foundation Inc.","url":"https:\/\/rotel.ca\/","logo":{"@type":"ImageObject","inLanguage":"fr-FR","@id":"https:\/\/rotel.ca\/#\/schema\/logo\/image\/","url":"https:\/\/rotel.ca\/wp-content\/uploads\/2026\/02\/ROTEL-Logo-Tag-400.jpg","contentUrl":"https:\/\/rotel.ca\/wp-content\/uploads\/2026\/02\/ROTEL-Logo-Tag-400.jpg","width":400,"height":123,"caption":"Rotel Foundation Inc."},"image":{"@id":"https:\/\/rotel.ca\/#\/schema\/logo\/image\/"}}]}},"_links":{"self":[{"href":"https:\/\/rotel.ca\/fr\/wp-json\/wp\/v2\/pages\/1359","targetHints":{"allow":["GET"]}}],"collection":[{"href":"https:\/\/rotel.ca\/fr\/wp-json\/wp\/v2\/pages"}],"about":[{"href":"https:\/\/rotel.ca\/fr\/wp-json\/wp\/v2\/types\/page"}],"author":[{"embeddable":true,"href":"https:\/\/rotel.ca\/fr\/wp-json\/wp\/v2\/users\/1"}],"replies":[{"embeddable":true,"href":"https:\/\/rotel.ca\/fr\/wp-json\/wp\/v2\/comments?post=1359"}],"version-history":[{"count":4,"href":"https:\/\/rotel.ca\/fr\/wp-json\/wp\/v2\/pages\/1359\/revisions"}],"predecessor-version":[{"id":1364,"href":"https:\/\/rotel.ca\/fr\/wp-json\/wp\/v2\/pages\/1359\/revisions\/1364"}],"wp:attachment":[{"href":"https:\/\/rotel.ca\/fr\/wp-json\/wp\/v2\/media?parent=1359"}],"curies":[{"name":"wp","href":"https:\/\/api.w.org\/{rel}","templated":true}]}}